{"id":235964,"date":"2020-01-14T05:10:33","date_gmt":"2020-01-14T03:10:33","guid":{"rendered":"https:\/\/toolsale.eu\/?page_id=235964"},"modified":"2020-03-09T05:49:49","modified_gmt":"2020-03-09T03:49:49","slug":"uber-toolsale","status":"publish","type":"page","link":"https:\/\/toolsale.eu\/de\/uber-toolsale\/","title":{"rendered":"\u00dcber Toolsale"},"content":{"rendered":"<p>[et_pb_section fb_built=&#8220;1&#8243; custom_padding_last_edited=&#8220;on|phone&#8220; _builder_version=&#8220;4.0.2&#8243; background_image=&#8220;https:\/\/toolsale.eu\/wp-content\/uploads\/2019\/11\/Toolsale.eu-About-us.jpg&#8220; background_position=&#8220;top_right&#8220; custom_padding=&#8220;73px|0px|180px|0px|false|false&#8220; custom_padding_tablet=&#8220;25px||100px|&#8220; custom_padding_phone=&#8220;|||&#8220;][et_pb_row _builder_version=&#8220;4.0.2&#8243;][et_pb_column type=&#8220;4_4&#8243; _builder_version=&#8220;4.0.2&#8243;][et_pb_text _builder_version=&#8220;4.0.2&#8243;]<\/p>\n<h1 style=\"text-align: center;\"><strong><span style=\"color: #ffffff;\">\u00dcber Toolsale<\/span><\/strong><\/h1>\n<p>[\/et_pb_text][\/et_pb_column][\/et_pb_row][\/et_pb_section][et_pb_section fb_built=&#8220;1&#8243; _builder_version=&#8220;3.22&#8243; custom_padding=&#8220;6px|0px|0|0px|false|false&#8220;][et_pb_row _builder_version=&#8220;3.25&#8243;][et_pb_column type=&#8220;4_4&#8243; _builder_version=&#8220;3.25&#8243; custom_padding=&#8220;|||&#8220; custom_padding__hover=&#8220;|||&#8220;][et_pb_text _builder_version=&#8220;4.0.2&#8243; text_font=&#8220;||||||||&#8220; text_text_color=&#8220;#606060&#8243; text_font_size=&#8220;20px&#8220; header_font=&#8220;||||||||&#8220; text_orientation=&#8220;center&#8220; max_width=&#8220;90%&#8220; module_alignment=&#8220;center&#8220; custom_padding=&#8220;120px|||||&#8220;]<\/p>\n<p><span style=\"font-size: 20px;\">Ob Sie ein Online- oder Offline-H\u00e4ndler sind, Toolsale kann Ihnen helfen, Ihre Gewinnspanne dank unseres umfangreichen Liefernetzwerks zu verbessern. Unabh\u00e4ngig davon, welche Produkte oder Marken Sie verkaufen, k\u00f6nnen wir Ihnen helfen, Ihren Warenbestand f\u00fcr einen geringeren Preis zu erhalten.\u200b <\/span><\/p>\n<p>Mit seinem europaweiten Netzwerk ist Toolsale Ihr intelligenter, effizienter und preisg\u00fcnstiger Beschaffungspartner f\u00fcr bekannte Haushaltsger\u00e4te und Verbrauchsg\u00fcter, Marken-Elektrowerkzeuge und Zubeh\u00f6r. Wir suchen in unserem Netzwerk nach den besten Gro\u00dfhandelspreisen f\u00fcr eine Vielzahl von Marken und bieten Ihnen hervorragende Angebote, Kosteneinsparungen und wettbewerbsf\u00e4hige Preise, unabh\u00e4ngig von Ihrem Auftragsvolumen.<\/p>\n<p>&nbsp;<\/p>\n<p>[\/et_pb_text][\/et_pb_column][\/et_pb_row][et_pb_row _builder_version=&#8220;3.25&#8243;][et_pb_column type=&#8220;4_4&#8243; _builder_version=&#8220;3.25&#8243; custom_padding=&#8220;|||&#8220; custom_padding__hover=&#8220;|||&#8220;][et_pb_text _builder_version=&#8220;4.0.2&#8243; text_font=&#8220;||||||||&#8220; text_text_color=&#8220;#606060&#8243; text_font_size=&#8220;20px&#8220; text_orientation=&#8220;center&#8220; hover_enabled=&#8220;0&#8243;]<\/p>\n<p style=\"text-align: center;\">Company info:<\/p>\n<p style=\"text-align: center;\">Innover\u00a0O\u00dc, Transvaali 22a<br \/>93814 Kuressaare, Estland.<br \/>VAT: EE101971999, Tel: +372 5208 767 info@toolsale.eu<\/p>\n<p>[\/et_pb_text][\/et_pb_column][\/et_pb_row][\/et_pb_section][et_pb_section fb_built=&#8220;1&#8243; _builder_version=&#8220;3.22&#8243; custom_padding=&#8220;0|0px|4px|0px|false|false&#8220;][et_pb_row _builder_version=&#8220;3.25&#8243; custom_padding=&#8220;||99px|||&#8220;][et_pb_column type=&#8220;4_4&#8243; _builder_version=&#8220;3.25&#8243; custom_padding=&#8220;|||&#8220; custom_padding__hover=&#8220;|||&#8220;][et_pb_text _builder_version=&#8220;4.0.2&#8243; text_font=&#8220;||||||||&#8220; text_text_color=&#8220;#606060&#8243; text_font_size=&#8220;20px&#8220; max_width=&#8220;95%&#8220; module_alignment=&#8220;center&#8220; custom_margin=&#8220;|||&#8220; custom_padding=&#8220;10px|||&#8220; hover_enabled=&#8220;0&#8243;]<\/p>\n<p style=\"text-align: center;\">Wenn Sie an einer Zusammenarbeit mit uns als Wiederverk\u00e4ufer oder Gro\u00dfh\u00e4ndler interessiert sind, rufen Sie uns bitte an oder senden Sie uns eine E-Mail, um mehr dar\u00fcber zu erfahren.<\/p>\n<p>[\/et_pb_text][\/et_pb_column][\/et_pb_row][et_pb_row _builder_version=&#8220;3.25&#8243;][et_pb_column type=&#8220;4_4&#8243; _builder_version=&#8220;3.25&#8243; custom_padding=&#8220;|||&#8220; custom_padding__hover=&#8220;|||&#8220;][et_pb_contact_form email=&#8220; info@toolsale.eu&#8220; success_message=&#8220;Vielen Dank, dass Sie uns die Nachricht gesandt haben!&#8220; submit_button_text=&#8220;ABSENDEN&#8220; module_id=&#8220;et_pb_contact_form_0&#8243; _builder_version=&#8220;4.0.2&#8243; custom_button=&#8220;on&#8220; button_text_color=&#8220;#1c1c1c&#8220; text_orientation=&#8220;center&#8220; hover_enabled=&#8220;0&#8243;][et_pb_contact_field field_id=&#8220;First_name&#8220; field_title=&#8220;Vorname&#8220; _builder_version=&#8220;4.0.2&#8243; button_text_size__hover_enabled=&#8220;off&#8220; button_one_text_size__hover_enabled=&#8220;off&#8220; button_two_text_size__hover_enabled=&#8220;off&#8220; button_text_color__hover_enabled=&#8220;off&#8220; button_one_text_color__hover_enabled=&#8220;off&#8220; button_two_text_color__hover_enabled=&#8220;off&#8220; button_border_width__hover_enabled=&#8220;off&#8220; button_one_border_width__hover_enabled=&#8220;off&#8220; button_two_border_width__hover_enabled=&#8220;off&#8220; button_border_color__hover_enabled=&#8220;off&#8220; button_one_border_color__hover_enabled=&#8220;off&#8220; button_two_border_color__hover_enabled=&#8220;off&#8220; button_border_radius__hover_enabled=&#8220;off&#8220; button_one_border_radius__hover_enabled=&#8220;off&#8220; button_two_border_radius__hover_enabled=&#8220;off&#8220; button_letter_spacing__hover_enabled=&#8220;off&#8220; button_one_letter_spacing__hover_enabled=&#8220;off&#8220; button_two_letter_spacing__hover_enabled=&#8220;off&#8220; button_bg_color__hover_enabled=&#8220;off&#8220; button_one_bg_color__hover_enabled=&#8220;off&#8220; button_two_bg_color__hover_enabled=&#8220;off&#8220;][\/et_pb_contact_field][et_pb_contact_field field_id=&#8220;Last_name&#8220; field_title=&#8220;Nachname&#8220; _builder_version=&#8220;4.0.2&#8243; button_text_size__hover_enabled=&#8220;off&#8220; button_one_text_size__hover_enabled=&#8220;off&#8220; button_two_text_size__hover_enabled=&#8220;off&#8220; button_text_color__hover_enabled=&#8220;off&#8220; button_one_text_color__hover_enabled=&#8220;off&#8220; button_two_text_color__hover_enabled=&#8220;off&#8220; button_border_width__hover_enabled=&#8220;off&#8220; button_one_border_width__hover_enabled=&#8220;off&#8220; button_two_border_width__hover_enabled=&#8220;off&#8220; button_border_color__hover_enabled=&#8220;off&#8220; button_one_border_color__hover_enabled=&#8220;off&#8220; button_two_border_color__hover_enabled=&#8220;off&#8220; button_border_radius__hover_enabled=&#8220;off&#8220; button_one_border_radius__hover_enabled=&#8220;off&#8220; button_two_border_radius__hover_enabled=&#8220;off&#8220; button_letter_spacing__hover_enabled=&#8220;off&#8220; button_one_letter_spacing__hover_enabled=&#8220;off&#8220; button_two_letter_spacing__hover_enabled=&#8220;off&#8220; button_bg_color__hover_enabled=&#8220;off&#8220; button_one_bg_color__hover_enabled=&#8220;off&#8220; button_two_bg_color__hover_enabled=&#8220;off&#8220;][\/et_pb_contact_field][et_pb_contact_field field_id=&#8220;Company_name&#8220; field_title=&#8220;Firmenname&#8220; _builder_version=&#8220;4.0.2&#8243; button_text_size__hover_enabled=&#8220;off&#8220; button_one_text_size__hover_enabled=&#8220;off&#8220; button_two_text_size__hover_enabled=&#8220;off&#8220; button_text_color__hover_enabled=&#8220;off&#8220; button_one_text_color__hover_enabled=&#8220;off&#8220; button_two_text_color__hover_enabled=&#8220;off&#8220; button_border_width__hover_enabled=&#8220;off&#8220; button_one_border_width__hover_enabled=&#8220;off&#8220; button_two_border_width__hover_enabled=&#8220;off&#8220; button_border_color__hover_enabled=&#8220;off&#8220; button_one_border_color__hover_enabled=&#8220;off&#8220; button_two_border_color__hover_enabled=&#8220;off&#8220; button_border_radius__hover_enabled=&#8220;off&#8220; button_one_border_radius__hover_enabled=&#8220;off&#8220; button_two_border_radius__hover_enabled=&#8220;off&#8220; button_letter_spacing__hover_enabled=&#8220;off&#8220; button_one_letter_spacing__hover_enabled=&#8220;off&#8220; button_two_letter_spacing__hover_enabled=&#8220;off&#8220; button_bg_color__hover_enabled=&#8220;off&#8220; button_one_bg_color__hover_enabled=&#8220;off&#8220; button_two_bg_color__hover_enabled=&#8220;off&#8220;][\/et_pb_contact_field][et_pb_contact_field field_id=&#8220;Email&#8220; field_title=&#8220;E-mail &#8220; _builder_version=&#8220;4.0.2&#8243; button_text_size__hover_enabled=&#8220;off&#8220; button_one_text_size__hover_enabled=&#8220;off&#8220; button_two_text_size__hover_enabled=&#8220;off&#8220; button_text_color__hover_enabled=&#8220;off&#8220; button_one_text_color__hover_enabled=&#8220;off&#8220; button_two_text_color__hover_enabled=&#8220;off&#8220; button_border_width__hover_enabled=&#8220;off&#8220; button_one_border_width__hover_enabled=&#8220;off&#8220; button_two_border_width__hover_enabled=&#8220;off&#8220; button_border_color__hover_enabled=&#8220;off&#8220; button_one_border_color__hover_enabled=&#8220;off&#8220; button_two_border_color__hover_enabled=&#8220;off&#8220; button_border_radius__hover_enabled=&#8220;off&#8220; button_one_border_radius__hover_enabled=&#8220;off&#8220; button_two_border_radius__hover_enabled=&#8220;off&#8220; button_letter_spacing__hover_enabled=&#8220;off&#8220; button_one_letter_spacing__hover_enabled=&#8220;off&#8220; button_two_letter_spacing__hover_enabled=&#8220;off&#8220; button_bg_color__hover_enabled=&#8220;off&#8220; button_one_bg_color__hover_enabled=&#8220;off&#8220; button_two_bg_color__hover_enabled=&#8220;off&#8220;][\/et_pb_contact_field][et_pb_contact_field field_id=&#8220;Subject&#8220; field_title=&#8220;Betreff&#8220; fullwidth_field=&#8220;on&#8220; _builder_version=&#8220;4.0.2&#8243; button_text_size__hover_enabled=&#8220;off&#8220; button_one_text_size__hover_enabled=&#8220;off&#8220; button_two_text_size__hover_enabled=&#8220;off&#8220; button_text_color__hover_enabled=&#8220;off&#8220; button_one_text_color__hover_enabled=&#8220;off&#8220; button_two_text_color__hover_enabled=&#8220;off&#8220; button_border_width__hover_enabled=&#8220;off&#8220; button_one_border_width__hover_enabled=&#8220;off&#8220; button_two_border_width__hover_enabled=&#8220;off&#8220; button_border_color__hover_enabled=&#8220;off&#8220; button_one_border_color__hover_enabled=&#8220;off&#8220; button_two_border_color__hover_enabled=&#8220;off&#8220; button_border_radius__hover_enabled=&#8220;off&#8220; button_one_border_radius__hover_enabled=&#8220;off&#8220; button_two_border_radius__hover_enabled=&#8220;off&#8220; button_letter_spacing__hover_enabled=&#8220;off&#8220; button_one_letter_spacing__hover_enabled=&#8220;off&#8220; button_two_letter_spacing__hover_enabled=&#8220;off&#8220; button_bg_color__hover_enabled=&#8220;off&#8220; button_one_bg_color__hover_enabled=&#8220;off&#8220; button_two_bg_color__hover_enabled=&#8220;off&#8220;][\/et_pb_contact_field][et_pb_contact_field field_id=&#8220;Message&#8220; field_title=&#8220;Nachricht&#8220; field_type=&#8220;text&#8220; fullwidth_field=&#8220;on&#8220; _builder_version=&#8220;4.0.2&#8243; button_text_size__hover_enabled=&#8220;off&#8220; button_one_text_size__hover_enabled=&#8220;off&#8220; button_two_text_size__hover_enabled=&#8220;off&#8220; button_text_color__hover_enabled=&#8220;off&#8220; button_one_text_color__hover_enabled=&#8220;off&#8220; button_two_text_color__hover_enabled=&#8220;off&#8220; button_border_width__hover_enabled=&#8220;off&#8220; button_one_border_width__hover_enabled=&#8220;off&#8220; button_two_border_width__hover_enabled=&#8220;off&#8220; button_border_color__hover_enabled=&#8220;off&#8220; button_one_border_color__hover_enabled=&#8220;off&#8220; button_two_border_color__hover_enabled=&#8220;off&#8220; button_border_radius__hover_enabled=&#8220;off&#8220; button_one_border_radius__hover_enabled=&#8220;off&#8220; button_two_border_radius__hover_enabled=&#8220;off&#8220; button_letter_spacing__hover_enabled=&#8220;off&#8220; button_one_letter_spacing__hover_enabled=&#8220;off&#8220; button_two_letter_spacing__hover_enabled=&#8220;off&#8220; button_bg_color__hover_enabled=&#8220;off&#8220; button_one_bg_color__hover_enabled=&#8220;off&#8220; button_two_bg_color__hover_enabled=&#8220;off&#8220;][\/et_pb_contact_field][\/et_pb_contact_form][\/et_pb_column][\/et_pb_row][\/et_pb_section][et_pb_section fb_built=&#8220;1&#8243; _builder_version=&#8220;3.22&#8243; custom_padding=&#8220;0px|0px|23px|0px&#8220;][et_pb_row _builder_version=&#8220;3.25&#8243; background_size=&#8220;initial&#8220; background_position=&#8220;top_left&#8220; background_repeat=&#8220;repeat&#8220; custom_padding=&#8220;26px|0px|0px|0px&#8220;][et_pb_column type=&#8220;4_4&#8243; _builder_version=&#8220;3.25&#8243; custom_padding=&#8220;|||&#8220; custom_padding__hover=&#8220;|||&#8220;][\/et_pb_column][\/et_pb_row][\/et_pb_section][et_pb_section fb_built=&#8220;1&#8243; disabled_on=&#8220;off|off|off&#8220; _builder_version=&#8220;3.22&#8243; background_color=&#8220;#f0f0f0&#8243; custom_padding=&#8220;0px|0px|0px|0px&#8220;][et_pb_row _builder_version=&#8220;3.25&#8243;][et_pb_column type=&#8220;4_4&#8243; _builder_version=&#8220;3.25&#8243; custom_padding=&#8220;|||&#8220; custom_padding__hover=&#8220;|||&#8220;][et_pb_social_media_follow url_new_window=&#8220;off&#8220; _builder_version=&#8220;4.0.2&#8243; text_orientation=&#8220;center&#8220; animation_style=&#8220;bounce&#8220; animation_duration=&#8220;2000ms&#8220; animation_delay=&#8220;400ms&#8220;][et_pb_social_media_follow_network social_network=&#8220;linkedin&#8220; url=&#8220;https:\/\/www.linkedin.com\/company\/toolsale\/&#8220; _builder_version=&#8220;4.0.2&#8243; background_color=&#8220;#007bb6&#8243; follow_button=&#8220;off&#8220; url_new_window=&#8220;off&#8220;]linkedin[\/et_pb_social_media_follow_network][\/et_pb_social_media_follow][\/et_pb_column][\/et_pb_row][\/et_pb_section][et_pb_section fb_built=&#8220;1&#8243; disabled_on=&#8220;off|off|off&#8220; _builder_version=&#8220;3.22&#8243; background_color=&#8220;#201a16&#8243; custom_padding=&#8220;0px|0px|54px|0px&#8220;][et_pb_row _builder_version=&#8220;3.25&#8243; background_size=&#8220;initial&#8220; background_position=&#8220;top_left&#8220; background_repeat=&#8220;repeat&#8220;][et_pb_column type=&#8220;4_4&#8243; _builder_version=&#8220;3.25&#8243; custom_padding=&#8220;|||&#8220; custom_padding__hover=&#8220;|||&#8220;][et_pb_text _builder_version=&#8220;4.0.2&#8243; text_font=&#8220;Geomanist||||||||&#8220; text_text_color=&#8220;#a3a3a3&#8243; text_letter_spacing=&#8220;1px&#8220; text_line_height=&#8220;1.5em&#8220; header_5_font=&#8220;Lato||||||||&#8220; header_5_text_color=&#8220;#ffffff&#8220; header_5_font_size=&#8220;14px&#8220; custom_padding=&#8220;|25px||25px&#8220; hover_enabled=&#8220;0&#8243;]<\/p>\n<p style=\"text-align: center;\">Da wir Ihre Privatsph\u00e4re sehr sch\u00e4tzen, haben wir alle Vorsichtsma\u00dfnahmen getroffen, um Ihre Daten sicher zu sch\u00fctzen. Wenn Sie Fragen oder Anregungen haben, kontaktieren Sie uns bitte unter <a href=\"mailto:info@toolsale.eu\">info@toolsale.eu<\/a> oder rufen Sie uns an unter <a href=\"tel:+3725208767\">+3725208767<\/a>. Der Inhaber der Website ist Innover O\u00dc, VAT &#8211; EE101971999, Estland.<\/p>\n<p>[\/et_pb_text][\/et_pb_column][\/et_pb_row][\/et_pb_section]<\/p>\n","protected":false},"excerpt":{"rendered":"<p>\u00dcber ToolsaleOb Sie ein Online- oder Offline-H\u00e4ndler sind, Toolsale kann Ihnen helfen, Ihre Gewinnspanne dank unseres umfangreichen Liefernetzwerks zu verbessern. Unabh\u00e4ngig davon, welche Produkte oder Marken Sie verkaufen, k\u00f6nnen wir Ihnen helfen, Ihren Warenbestand f\u00fcr einen geringeren Preis zu erhalten.\u200b Mit seinem europaweiten Netzwerk ist Toolsale Ihr intelligenter, effizienter und preisg\u00fcnstiger Beschaffungspartner f\u00fcr bekannte Haushaltsger\u00e4te [&hellip;]<\/p>\n","protected":false},"author":13,"featured_media":0,"parent":0,"menu_order":0,"comment_status":"closed","ping_status":"closed","template":"","meta":{"_et_pb_use_builder":"on","_et_pb_old_content":"","_et_gb_content_width":"","footnotes":""},"class_list":["post-235964","page","type-page","status-publish","hentry"],"yoast_head":"<!-- This site is optimized with the Yoast SEO plugin v25.2 - https:\/\/yoast.com\/wordpress\/plugins\/seo\/ -->\n<title>\u00dcber Toolsale | Toolsale<\/title>\n<meta name=\"robots\" content=\"index, follow, max-snippet:-1, max-image-preview:large, max-video-preview:-1\" \/>\n<link rel=\"canonical\" href=\"https:\/\/toolsale.eu\/de\/uber-toolsale\/\" \/>\n<meta name=\"twitter:card\" content=\"summary_large_image\" \/>\n<meta name=\"twitter:title\" content=\"\u00dcber Toolsale | Toolsale\" \/>\n<meta name=\"twitter:description\" content=\"\u00dcber ToolsaleOb Sie ein Online- oder Offline-H\u00e4ndler sind, Toolsale kann Ihnen helfen, Ihre Gewinnspanne dank unseres umfangreichen Liefernetzwerks zu verbessern. Unabh\u00e4ngig davon, welche Produkte oder Marken Sie verkaufen, k\u00f6nnen wir Ihnen helfen, Ihren Warenbestand f\u00fcr einen geringeren Preis zu erhalten.\u200b Mit seinem europaweiten Netzwerk ist Toolsale Ihr intelligenter, effizienter und preisg\u00fcnstiger Beschaffungspartner f\u00fcr bekannte Haushaltsger\u00e4te [&hellip;]\" \/>\n<meta name=\"twitter:label1\" content=\"Gesch\u00e4tzte Lesezeit\" \/>\n\t<meta name=\"twitter:data1\" content=\"9\u00a0Minuten\" \/>\n<script type=\"application\/ld+json\" class=\"yoast-schema-graph\">{\"@context\":\"https:\/\/schema.org\",\"@graph\":[{\"@type\":\"WebPage\",\"@id\":\"https:\/\/toolsale.eu\/de\/uber-toolsale\/\",\"url\":\"https:\/\/toolsale.eu\/de\/uber-toolsale\/\",\"name\":\"\u00dcber Toolsale | Toolsale\",\"isPartOf\":{\"@id\":\"https:\/\/toolsale.eu\/#website\"},\"datePublished\":\"2020-01-14T03:10:33+00:00\",\"dateModified\":\"2020-03-09T03:49:49+00:00\",\"breadcrumb\":{\"@id\":\"https:\/\/toolsale.eu\/de\/uber-toolsale\/#breadcrumb\"},\"inLanguage\":\"de\",\"potentialAction\":[{\"@type\":\"ReadAction\",\"target\":[\"https:\/\/toolsale.eu\/de\/uber-toolsale\/\"]}]},{\"@type\":\"BreadcrumbList\",\"@id\":\"https:\/\/toolsale.eu\/de\/uber-toolsale\/#breadcrumb\",\"itemListElement\":[{\"@type\":\"ListItem\",\"position\":1,\"name\":\"Home\",\"item\":\"https:\/\/toolsale.eu\/\"},{\"@type\":\"ListItem\",\"position\":2,\"name\":\"\u00dcber Toolsale\"}]},{\"@type\":\"WebSite\",\"@id\":\"https:\/\/toolsale.eu\/#website\",\"url\":\"https:\/\/toolsale.eu\/\",\"name\":\"Toolsale\",\"description\":\"Connecting European suppliers and resellers of construction &amp; DIY brands\",\"publisher\":{\"@id\":\"https:\/\/toolsale.eu\/#organization\"},\"potentialAction\":[{\"@type\":\"SearchAction\",\"target\":{\"@type\":\"EntryPoint\",\"urlTemplate\":\"https:\/\/toolsale.eu\/?s={search_term_string}\"},\"query-input\":{\"@type\":\"PropertyValueSpecification\",\"valueRequired\":true,\"valueName\":\"search_term_string\"}}],\"inLanguage\":\"de\"},{\"@type\":\"Organization\",\"@id\":\"https:\/\/toolsale.eu\/#organization\",\"name\":\"Toolsale\",\"url\":\"https:\/\/toolsale.eu\/\",\"logo\":{\"@type\":\"ImageObject\",\"inLanguage\":\"de\",\"@id\":\"https:\/\/toolsale.eu\/#\/schema\/logo\/image\/\",\"url\":\"https:\/\/toolsale.eu\/wp-content\/uploads\/2019\/03\/Toolsale-Symbol-jpeg.jpg\",\"contentUrl\":\"https:\/\/toolsale.eu\/wp-content\/uploads\/2019\/03\/Toolsale-Symbol-jpeg.jpg\",\"width\":300,\"height\":300,\"caption\":\"Toolsale\"},\"image\":{\"@id\":\"https:\/\/toolsale.eu\/#\/schema\/logo\/image\/\"}}]}<\/script>\n<!-- \/ Yoast SEO plugin. -->","yoast_head_json":{"title":"\u00dcber Toolsale | Toolsale","robots":{"index":"index","follow":"follow","max-snippet":"max-snippet:-1","max-image-preview":"max-image-preview:large","max-video-preview":"max-video-preview:-1"},"canonical":"https:\/\/toolsale.eu\/de\/uber-toolsale\/","twitter_card":"summary_large_image","twitter_title":"\u00dcber Toolsale | Toolsale","twitter_description":"\u00dcber ToolsaleOb Sie ein Online- oder Offline-H\u00e4ndler sind, Toolsale kann Ihnen helfen, Ihre Gewinnspanne dank unseres umfangreichen Liefernetzwerks zu verbessern. Unabh\u00e4ngig davon, welche Produkte oder Marken Sie verkaufen, k\u00f6nnen wir Ihnen helfen, Ihren Warenbestand f\u00fcr einen geringeren Preis zu erhalten.\u200b Mit seinem europaweiten Netzwerk ist Toolsale Ihr intelligenter, effizienter und preisg\u00fcnstiger Beschaffungspartner f\u00fcr bekannte Haushaltsger\u00e4te [&hellip;]","twitter_misc":{"Gesch\u00e4tzte Lesezeit":"9\u00a0Minuten"},"schema":{"@context":"https:\/\/schema.org","@graph":[{"@type":"WebPage","@id":"https:\/\/toolsale.eu\/de\/uber-toolsale\/","url":"https:\/\/toolsale.eu\/de\/uber-toolsale\/","name":"\u00dcber Toolsale | Toolsale","isPartOf":{"@id":"https:\/\/toolsale.eu\/#website"},"datePublished":"2020-01-14T03:10:33+00:00","dateModified":"2020-03-09T03:49:49+00:00","breadcrumb":{"@id":"https:\/\/toolsale.eu\/de\/uber-toolsale\/#breadcrumb"},"inLanguage":"de","potentialAction":[{"@type":"ReadAction","target":["https:\/\/toolsale.eu\/de\/uber-toolsale\/"]}]},{"@type":"BreadcrumbList","@id":"https:\/\/toolsale.eu\/de\/uber-toolsale\/#breadcrumb","itemListElement":[{"@type":"ListItem","position":1,"name":"Home","item":"https:\/\/toolsale.eu\/"},{"@type":"ListItem","position":2,"name":"\u00dcber Toolsale"}]},{"@type":"WebSite","@id":"https:\/\/toolsale.eu\/#website","url":"https:\/\/toolsale.eu\/","name":"Toolsale","description":"Connecting European suppliers and resellers of construction &amp; DIY brands","publisher":{"@id":"https:\/\/toolsale.eu\/#organization"},"potentialAction":[{"@type":"SearchAction","target":{"@type":"EntryPoint","urlTemplate":"https:\/\/toolsale.eu\/?s={search_term_string}"},"query-input":{"@type":"PropertyValueSpecification","valueRequired":true,"valueName":"search_term_string"}}],"inLanguage":"de"},{"@type":"Organization","@id":"https:\/\/toolsale.eu\/#organization","name":"Toolsale","url":"https:\/\/toolsale.eu\/","logo":{"@type":"ImageObject","inLanguage":"de","@id":"https:\/\/toolsale.eu\/#\/schema\/logo\/image\/","url":"https:\/\/toolsale.eu\/wp-content\/uploads\/2019\/03\/Toolsale-Symbol-jpeg.jpg","contentUrl":"https:\/\/toolsale.eu\/wp-content\/uploads\/2019\/03\/Toolsale-Symbol-jpeg.jpg","width":300,"height":300,"caption":"Toolsale"},"image":{"@id":"https:\/\/toolsale.eu\/#\/schema\/logo\/image\/"}}]}},"_links":{"self":[{"href":"https:\/\/toolsale.eu\/de\/wp-json\/wp\/v2\/pages\/235964","targetHints":{"allow":["GET"]}}],"collection":[{"href":"https:\/\/toolsale.eu\/de\/wp-json\/wp\/v2\/pages"}],"about":[{"href":"https:\/\/toolsale.eu\/de\/wp-json\/wp\/v2\/types\/page"}],"author":[{"embeddable":true,"href":"https:\/\/toolsale.eu\/de\/wp-json\/wp\/v2\/users\/13"}],"replies":[{"embeddable":true,"href":"https:\/\/toolsale.eu\/de\/wp-json\/wp\/v2\/comments?post=235964"}],"version-history":[{"count":13,"href":"https:\/\/toolsale.eu\/de\/wp-json\/wp\/v2\/pages\/235964\/revisions"}],"predecessor-version":[{"id":236144,"href":"https:\/\/toolsale.eu\/de\/wp-json\/wp\/v2\/pages\/235964\/revisions\/236144"}],"wp:attachment":[{"href":"https:\/\/toolsale.eu\/de\/wp-json\/wp\/v2\/media?parent=235964"}],"curies":[{"name":"wp","href":"https:\/\/api.w.org\/{rel}","templated":true}]}}